{"id":40,"date":"2025-06-26T14:06:34","date_gmt":"2025-06-26T11:06:34","guid":{"rendered":"https:\/\/synergymed2026.khas.edu.tr\/?page_id=40"},"modified":"2026-04-03T16:18:23","modified_gmt":"2026-04-03T13:18:23","slug":"committees","status":"publish","type":"page","link":"https:\/\/synergymed2026.com\/?page_id=40","title":{"rendered":"Committees"},"content":{"rendered":"\n<p><em><strong>Conference General Chairs:<\/strong><\/em><\/p>\n\n\n\n<ul class=\"wp-block-list\">\n<li>Prof. Georgios C. Christoforidis, University of Western Macedonia<\/li>\n\n\n\n<li>Prof. George E. Georghiou, PHAETHON Centre of Excellence, University of Cyprus<\/li>\n\n\n\n<li>Prof. Grigoris K. Papagiannis, Aristotle University of Thessaloniki<\/li>\n\n\n\n<li>Prof. Fabrizio Pilo, University of Cagliari<\/li>\n\n\n\n<li>Assoc. Prof. O\u011fuzhan Ceylan, Kadir Has University<\/li>\n\n\n\n<li>Dr George Makrides, PHAETHON Centre of Excellence, University of Cyprus<\/li>\n<\/ul>\n\n\n\n<h4 class=\"wp-block-heading\">Local <em><strong>Organising Committee:<\/strong><\/em><\/h4>\n\n\n\n<ul class=\"wp-block-list\">\n<li><strong>Local Chair: <\/strong>Assoc. Prof. O\u011fuzhan Ceylan (KHAS)<\/li>\n\n\n\n<li><strong>Co-chair:<\/strong> Prof. \u0130lhan Kocaarslan (ITU)<\/li>\n\n\n\n<li><strong>Co-chair:<\/strong> Prof. Mustafa Ba\u011fr\u0131yan\u0131k (ITU)<\/li>\n\n\n\n<li>Prof. Hasan Da\u011f (KHAS)<\/li>\n\n\n\n<li>Prof. \u0130stemihan Gen\u00e7 (ITU)<\/li>\n\n\n\n<li>Prof. Murat G\u00f6l (METU)<\/li>\n\n\n\n<li>Assoc. Prof. Suat \u0130lhan (ITU)<\/li>\n\n\n\n<li>Assist. Prof. Ula\u015f Karaa\u011fa\u00e7 (METU)<\/li>\n\n\n\n<li>Dr. Alper Sava\u015f\u00e7\u0131 (AG\u00dc)<\/li>\n\n\n\n<li>Mert \u0130lhan Ecevit (KHAS)<\/li>\n<\/ul>\n\n\n\n<h4 class=\"wp-block-heading\"><strong><em>Scientific Advisory Committee:<\/em><\/strong><\/h4>\n\n\n\n<ul class=\"wp-block-list\">\n<li>Prof. Aggelos Bouhouras, University of Western Macedonia<\/li>\n\n\n\n<li>Dr. Alessio Tafone, Technical University of Munich<\/li>\n\n\n\n<li>Dr. Alexandros Arsalis, University of Cyprus<\/li>\n\n\n\n<li>Dr. Alexis Polycarpou, Frederick University<\/li>\n\n\n\n<li>Mr. Andrea Petrucci, Concordia University<\/li>\n\n\n\n<li>Mr. Andreas Hadjileonidas, Imperial College London<\/li>\n\n\n\n<li>Prof. Andreas Athienitis, Concordia University<\/li>\n\n\n\n<li>Dr. Andreas Kyprianou, University of Cyprus<\/li>\n\n\n\n<li>Dr. Andreas Livera. University of Cyprus<\/li>\n\n\n\n<li>Dr. Andreas Stavrou, Electricity Authority of Cyprus<\/li>\n\n\n\n<li>Dr. Andreas V. Olympios, University of Cyprus<\/li>\n\n\n\n<li>Prof. Anna Rita Di Fazio, University of Cassino and Southern Lazio<\/li>\n\n\n\n<li>Ms. Anna-Maria Sigounis, Concordia University<\/li>\n\n\n\n<li>Mr. Anthony Maturo, Concordia University<\/li>\n\n\n\n<li>Dr. Charalampos Anastasiou, University of Cyprus<\/li>\n\n\n\n<li>Dr. Charalampos Konstantinou, University of Cyprus<\/li>\n\n\n\n<li>Mr. Chrysanthos Charalambous, University of Cyprus<\/li>\n\n\n\n<li>Prof. Constantinos Vassiliades, Neapolis University Pafos<\/li>\n\n\n\n<li>Mr. Demetris Marangis, University of Cyprus<\/li>\n\n\n\n<li>Prof.&nbsp; Dimitrios Tsiamitros, University of Western Macedonia<\/li>\n\n\n\n<li>Prof. Dr. Lakatos \u00c1kos, University of Debrecen<\/li>\n\n\n\n<li>Dr. Eleftherios Kontis, University of Thessaly<\/li>\n\n\n\n<li>Dr. Elias Peraticos, University of Cyprus<\/li>\n\n\n\n<li>Mr. Fanourios Kourougianni, University of Cyprus<\/li>\n\n\n\n<li>Mr. Fei Lai, Southwest Jiaotong University<\/li>\n\n\n\n<li>Prof. Franco Ruzzenenti, University of Groningen<\/li>\n\n\n\n<li>Prof. George Georghiou, University of Cyprus<\/li>\n\n\n\n<li>Dr. George Makrides, University of Cyprus<\/li>\n\n\n\n<li>Ms. Georgia Charalampous, Eratosthenes Centre of Excellence<\/li>\n\n\n\n<li>Prof. Georgios Christoforidis, University of Western Macedonia<\/li>\n\n\n\n<li>Dr. Georgios Kryonidis, Aristotle University of Thessaloniki<\/li>\n\n\n\n<li>Mr. Georgios Tziolis, University of Cyprus<\/li>\n\n\n\n<li>Mr. Georgios Yiasoumas, University of Cyprus<\/li>\n\n\n\n<li>Prof. Gianni Celli, University of Cagliari<\/li>\n\n\n\n<li>Prof. Giorgos Panaras, University of Western Macedonia<\/li>\n\n\n\n<li>Dr. Giovanni Barone, University of Naples Federico II<\/li>\n\n\n\n<li>Dr. Giovanni Francesco Giuzio, University of Naples Federico II<\/li>\n\n\n\n<li>Mr. Giuseppe Russo, University of Naples Federico II<\/li>\n\n\n\n<li>Prof. Grigoris Papagiannis, Aristotle University of Thessaloniki<\/li>\n\n\n\n<li>Ms. Hallah Butt, Karlsruhe Institute of Technology<\/li>\n\n\n\n<li>Dr. Ilias Fountoulakis, National Observatory of Athens<\/li>\n\n\n\n<li>Ms. Ioanna Pasiopoulou, Aristotle University of Thessaloniki<\/li>\n\n\n\n<li>Dr. Jesus Montes-Romero, University of Ja\u00e9n<\/li>\n\n\n\n<li>Dr. Jian Song, University of Birmingham<\/li>\n\n\n\n<li>Mr. Jorge Bracho, University of Cyprus<\/li>\n\n\n\n<li>Dr. Konstantinos Fragkos, Eratosthenes Centre of Excellence<\/li>\n\n\n\n<li>Prof. Konstantinos Oureilidis, University of Western Macedonia<\/li>\n\n\n\n<li>Dr. Maria Hadjipanayi, University of Cyprus<\/li>\n\n\n\n<li>Dr. Marios Georgiou, The Cyprus Institute<\/li>\n\n\n\n<li>Dr. Markos Asprou, University of Cyprus<\/li>\n\n\n\n<li>Dr. Mathaios Panteli, University of Cyprus<\/li>\n\n\n\n<li>Dr. Matthew Norton, University of Cyprus<\/li>\n\n\n\n<li>Prof. Michele De Santis, University of Campania<\/li>\n\n\n\n<li>Dr. Navid Morovat, Concordia University<\/li>\n\n\n\n<li>Mr. Nikolaos Kelepouris, University of Western Macedonia<\/li>\n\n\n\n<li>Mr. Nikolas Chatzigeorgiou. University of Cyprus<\/li>\n\n\n\n<li>Dr. Oguzhan Ceylan, Kadir Has University<\/li>\n\n\n\n<li>Mr.&nbsp; Panagiotis Herodotou, University of Cyprus<\/li>\n\n\n\n<li>Prof. Panos Papanastasiou, University of Cyprus<\/li>\n\n\n\n<li>Prof. Paul Upham, University of Groningen<\/li>\n\n\n\n<li>Mr. Pavlos Papadopoulos, University of Cyprus<\/li>\n\n\n\n<li>Dr. Petros Aristidou, University of Technology<\/li>\n\n\n\n<li>Dr. Qiong Huang, Karlsruhe Institute of Technology<\/li>\n\n\n\n<li>Dr. Sergio Olivero, Polytechnic University of Turin<\/li>\n\n\n\n<li>Mr. Seyed Matin Abtahi, Concordia University<\/li>\n\n\n\n<li>Dr. Simona Ruggeri, University of Cagliari<\/li>\n\n\n\n<li>Dr. Spyros Theocharides, Univers SAS<\/li>\n\n\n\n<li>Mr. Stavros Afxentis, University of Cyprus<\/li>\n\n\n\n<li>Mr. Stylianos Loizidis, University of Cyprus<\/li>\n\n\n\n<li>Prof. Susanna Mocci, University of Cagliari<\/li>\n\n\n\n<li>Prof. Theodoros Zachariadis, The Cyprus Institute<\/li>\n\n\n\n<li>Prof. Theofilos Papadopoulos, Democritus University of Thrace<\/li>\n\n\n\n<li>Dr. Vasiliki Paraskeva, University of Cyprus<\/li>\n\n\n\n<li>Dr. Venizelos Efthymiou, University of Cyprus<\/li>\n<\/ul>\n\n\n\n<h4 class=\"wp-block-heading\"><strong><em>International Advisory Committee:<\/em><\/strong><\/h4>\n\n\n\n<ul class=\"wp-block-list\">\n<li>Prof. Carlo Alberto Nucci, Universit\u00e0 di Bologna<\/li>\n\n\n\n<li>Prof. Fahmi Abu Al-Rub, Jordan University of Science and Technology<\/li>\n\n\n\n<li>Dr Haitham Abu-Rub, Texas A&amp;M University at Qatar<\/li>\n\n\n\n<li>Prof. Andreas Athienitis, Concordia University<\/li>\n\n\n\n<li>Mr Henrik Bindner, Technical University of Denmark<\/li>\n\n\n\n<li>Prof. Erez Gal, Ben-Gurion University of the Negev<\/li>\n\n\n\n<li>Prof. Klaus Hubacek, University of Groningen<\/li>\n\n\n\n<li>Prof. Soteris Kalogirou, Cyprus University of Technology<\/li>\n\n\n\n<li>Prof. Christos Markides, Imperial College London<\/li>\n\n\n\n<li>Prof. Dan Micu, Technical University of Cluj-Napoca<\/li>\n\n\n\n<li>Prof. Susanna Mocci, University of Cagliari<\/li>\n\n\n\n<li>Prof. Jovica V. Milanovi\u0107, University of Manchester<\/li>\n\n\n\n<li>Dr Christakis Papageorgiou, Prince Muhammad bin Fahad University<\/li>\n\n\n\n<li>Prof. Grigoris Papagiannis, Aristotle University of Thessaloniki<\/li>\n\n\n\n<li>Prof. Fabrizio Pilo, University of Cagliari<\/li>\n\n\n\n<li>Prof. Aravind Purushothaman Vellayani, University of Groningen<\/li>\n\n\n\n<li>Prof. Mohamed Trabelsi, Kuwait College of Science and Technology<\/li>\n\n\n\n<li>Prof. Peter Virti\u010d, University of Maribor<\/li>\n<\/ul>\n\n\n\n<p><\/p>\n","protected":false},"excerpt":{"rendered":"<p>Conference General Chairs: Local Organising Committee: Scientific Advisory Committee: International Advisory Committee:<\/p>\n","protected":false},"author":2,"featured_media":0,"parent":0,"menu_order":0,"comment_status":"closed","ping_status":"closed","template":"","meta":{"footnotes":""},"class_list":["post-40","page","type-page","status-publish","hentry"],"_links":{"self":[{"href":"https:\/\/synergymed2026.com\/index.php?rest_route=\/wp\/v2\/pages\/40","targetHints":{"allow":["GET"]}}],"collection":[{"href":"https:\/\/synergymed2026.com\/index.php?rest_route=\/wp\/v2\/pages"}],"about":[{"href":"https:\/\/synergymed2026.com\/index.php?rest_route=\/wp\/v2\/types\/page"}],"author":[{"embeddable":true,"href":"https:\/\/synergymed2026.com\/index.php?rest_route=\/wp\/v2\/users\/2"}],"replies":[{"embeddable":true,"href":"https:\/\/synergymed2026.com\/index.php?rest_route=%2Fwp%2Fv2%2Fcomments&post=40"}],"version-history":[{"count":19,"href":"https:\/\/synergymed2026.com\/index.php?rest_route=\/wp\/v2\/pages\/40\/revisions"}],"predecessor-version":[{"id":211,"href":"https:\/\/synergymed2026.com\/index.php?rest_route=\/wp\/v2\/pages\/40\/revisions\/211"}],"wp:attachment":[{"href":"https:\/\/synergymed2026.com\/index.php?rest_route=%2Fwp%2Fv2%2Fmedia&parent=40"}],"curies":[{"name":"wp","href":"https:\/\/api.w.org\/{rel}","templated":true}]}}